{"id":15,"date":"2026-01-07T18:16:20","date_gmt":"2026-01-07T18:16:20","guid":{"rendered":"https:\/\/shop.wallisandgill.com\/?page_id=15"},"modified":"2026-01-22T17:56:10","modified_gmt":"2026-01-22T17:56:10","slug":"shop-wg","status":"publish","type":"page","link":"https:\/\/shop.wallisandgill.com\/","title":{"rendered":"Discover our wind sensing solutions and instrumentation."},"content":{"rendered":"\n<p><em>Actualmente disponible solo para env\u00edos dentro de Argentina. <em>Para env\u00edos a otros destinos, por favor, escr\u00edbenos directamente.<\/em> <br><\/em><em><em>Currently available for shipping within Argentina only. <\/em>For international shipping, please contact us directly.<br><\/em><\/p>\n\n\n\n<p><strong>\u00bfPag\u00e1s por transferencia?<\/strong><br>Escribinos y consult\u00e1 por promociones:<br>\ud83d\udce9 <a href=\"mailto:shop@wallisangill.com\">shop@wallisangill.com<\/a><br>\ud83d\udcf8 Instagram: <a href=\"https:\/\/www.instagram.com\/wallisandgillelectronics\/\" target=\"_blank\" rel=\"noreferrer noopener\">@wallisandgillelectronics<\/a><\/p>\n\n\n<div class=\"woocommerce columns-4 \"><ul class=\"products columns-4\" data-products=\"type-1\" data-hover=\"swap\">\n<li class=\"product type-product post-43 status-publish first instock product_cat-combo has-post-thumbnail taxable shipping-taxable purchasable product-type-simple\">\n\t<a href=\"https:\/\/shop.wallisandgill.com\/?product=wallis-gill-wind-monitoring-bundle\" class=\"woocommerce-LoopProduct-link woocommerce-loop-product__link\"><img loading=\"lazy\" decoding=\"async\" width=\"300\" height=\"300\" src=\"https:\/\/shop.wallisandgill.com\/wp-content\/uploads\/2026\/01\/wallis-and-gill-2-300x300.jpg\" class=\"attachment-woocommerce_thumbnail size-woocommerce_thumbnail\" alt=\"Wind Monitoring Bundle\" srcset=\"https:\/\/shop.wallisandgill.com\/wp-content\/uploads\/2026\/01\/wallis-and-gill-2-300x300.jpg 300w, https:\/\/shop.wallisandgill.com\/wp-content\/uploads\/2026\/01\/wallis-and-gill-2-150x150.jpg 150w, https:\/\/shop.wallisandgill.com\/wp-content\/uploads\/2026\/01\/wallis-and-gill-2-500x500.jpg 500w, https:\/\/shop.wallisandgill.com\/wp-content\/uploads\/2026\/01\/wallis-and-gill-2-100x100.jpg 100w\" sizes=\"auto, (max-width: 300px) 100vw, 300px\" \/><h2 class=\"woocommerce-loop-product__title\">Wind Monitoring Bundle<\/h2>\n\t<span class=\"price\"><span class=\"woocommerce-Price-amount amount\"><bdi><span class=\"woocommerce-Price-currencySymbol\">&#36;<\/span>&nbsp;550.000,00<\/bdi><\/span><\/span>\n<\/a><a href=\"https:\/\/shop.wallisandgill.com\/?product=wallis-gill-wind-monitoring-bundle\" aria-describedby=\"woocommerce_loop_add_to_cart_link_describedby_43\" data-quantity=\"1\" class=\"button product_type_simple add_to_cart_button ajax_add_to_cart\" data-product_id=\"43\" data-product_sku=\"\" aria-label=\"Add to cart: &ldquo;Wind Monitoring Bundle&rdquo;\" rel=\"nofollow\" data-success_message=\"&ldquo;Wind Monitoring Bundle&rdquo; has been added to your cart\" role=\"button\">Select options<\/a>\t<span id=\"woocommerce_loop_add_to_cart_link_describedby_43\" class=\"screen-reader-text\">\n\t\t\t<\/span>\n<\/li>\n<li class=\"product type-product post-37 status-publish instock product_cat-displays-interfaces has-post-thumbnail taxable shipping-taxable purchasable product-type-simple\">\n\t<a href=\"https:\/\/shop.wallisandgill.com\/?product=wallis-gill-2026-mmfd-mini-multifunction-display\" class=\"woocommerce-LoopProduct-link woocommerce-loop-product__link\"><img loading=\"lazy\" decoding=\"async\" width=\"300\" height=\"300\" src=\"https:\/\/shop.wallisandgill.com\/wp-content\/uploads\/2026\/01\/display4-300x300.png\" class=\"attachment-woocommerce_thumbnail size-woocommerce_thumbnail\" alt=\"mMFD \u2013 Mini Multifunction Display\" srcset=\"https:\/\/shop.wallisandgill.com\/wp-content\/uploads\/2026\/01\/display4-300x300.png 300w, https:\/\/shop.wallisandgill.com\/wp-content\/uploads\/2026\/01\/display4-150x150.png 150w, https:\/\/shop.wallisandgill.com\/wp-content\/uploads\/2026\/01\/display4-500x500.png 500w, https:\/\/shop.wallisandgill.com\/wp-content\/uploads\/2026\/01\/display4-600x602.png 600w, https:\/\/shop.wallisandgill.com\/wp-content\/uploads\/2026\/01\/display4-100x100.png 100w, https:\/\/shop.wallisandgill.com\/wp-content\/uploads\/2026\/01\/display4.png 695w\" sizes=\"auto, (max-width: 300px) 100vw, 300px\" \/><h2 class=\"woocommerce-loop-product__title\">mMFD \u2013 Mini Multifunction Display<\/h2>\n\t<span class=\"price\"><span class=\"woocommerce-Price-amount amount\"><bdi><span class=\"woocommerce-Price-currencySymbol\">&#36;<\/span>&nbsp;296.000,00<\/bdi><\/span><\/span>\n<\/a><a href=\"https:\/\/shop.wallisandgill.com\/?product=wallis-gill-2026-mmfd-mini-multifunction-display\" aria-describedby=\"woocommerce_loop_add_to_cart_link_describedby_37\" data-quantity=\"1\" class=\"button product_type_simple add_to_cart_button ajax_add_to_cart\" data-product_id=\"37\" data-product_sku=\"\" aria-label=\"Add to cart: &ldquo;mMFD \u2013 Mini Multifunction Display&rdquo;\" rel=\"nofollow\" data-success_message=\"&ldquo;mMFD \u2013 Mini Multifunction Display&rdquo; has been added to your cart\" role=\"button\">Select options<\/a>\t<span id=\"woocommerce_loop_add_to_cart_link_describedby_37\" class=\"screen-reader-text\">\n\t\t\t<\/span>\n<\/li>\n<li class=\"product type-product post-31 status-publish instock product_cat-wind-sensors has-post-thumbnail taxable shipping-taxable purchasable product-type-simple\">\n\t<a href=\"https:\/\/shop.wallisandgill.com\/?product=wallis-gill-ak3-anemometer-hummer-black-2026\" class=\"woocommerce-LoopProduct-link woocommerce-loop-product__link\"><img loading=\"lazy\" decoding=\"async\" width=\"300\" height=\"300\" src=\"https:\/\/shop.wallisandgill.com\/wp-content\/uploads\/2026\/01\/D_NQ_NP_2X_838129-MLA94959849151_102025-F-e1767812544155-300x300.webp\" class=\"attachment-woocommerce_thumbnail size-woocommerce_thumbnail\" alt=\"Hummer Anemometer\" srcset=\"https:\/\/shop.wallisandgill.com\/wp-content\/uploads\/2026\/01\/D_NQ_NP_2X_838129-MLA94959849151_102025-F-e1767812544155-300x300.webp 300w, https:\/\/shop.wallisandgill.com\/wp-content\/uploads\/2026\/01\/D_NQ_NP_2X_838129-MLA94959849151_102025-F-e1767812544155-150x150.webp 150w, https:\/\/shop.wallisandgill.com\/wp-content\/uploads\/2026\/01\/D_NQ_NP_2X_838129-MLA94959849151_102025-F-e1767812544155-500x500.webp 500w, https:\/\/shop.wallisandgill.com\/wp-content\/uploads\/2026\/01\/D_NQ_NP_2X_838129-MLA94959849151_102025-F-e1767812544155-100x100.webp 100w\" sizes=\"auto, (max-width: 300px) 100vw, 300px\" \/><h2 class=\"woocommerce-loop-product__title\">Hummer Anemometer<\/h2>\n\t<span class=\"price\"><span class=\"woocommerce-Price-amount amount\"><bdi><span class=\"woocommerce-Price-currencySymbol\">&#36;<\/span>&nbsp;296.000,00<\/bdi><\/span><\/span>\n<\/a><a href=\"https:\/\/shop.wallisandgill.com\/?product=wallis-gill-ak3-anemometer-hummer-black-2026\" aria-describedby=\"woocommerce_loop_add_to_cart_link_describedby_31\" data-quantity=\"1\" class=\"button product_type_simple add_to_cart_button ajax_add_to_cart\" data-product_id=\"31\" data-product_sku=\"\" aria-label=\"Add to cart: &ldquo;Hummer Anemometer&rdquo;\" rel=\"nofollow\" data-success_message=\"&ldquo;Hummer Anemometer&rdquo; has been added to your cart\" role=\"button\">Select options<\/a>\t<span id=\"woocommerce_loop_add_to_cart_link_describedby_31\" class=\"screen-reader-text\">\n\t\t\t<\/span>\n<\/li>\n<\/ul>\n<\/div>\n\n\n\n<p><\/p>\n","protected":false},"excerpt":{"rendered":"<p>Actualmente disponible solo para env\u00edos dentro de Argentina. Para env\u00edos a otros destinos, por favor, escr\u00edbenos directamente. Currently available for shipping within Argentina only. For international shipping, please contact us directly. \u00bfPag\u00e1s por transferencia?Escribinos y consult\u00e1 por promociones:\ud83d\udce9 shop@wallisangill.com\ud83d\udcf8 Instagram: @wallisandgillelectronics<\/p>\n","protected":false},"author":1,"featured_media":0,"parent":0,"menu_order":0,"comment_status":"closed","ping_status":"closed","template":"","meta":{"footnotes":""},"class_list":["post-15","page","type-page","status-publish","hentry"],"blocksy_meta":[],"jetpack_sharing_enabled":true,"_links":{"self":[{"href":"https:\/\/shop.wallisandgill.com\/index.php?rest_route=\/wp\/v2\/pages\/15","targetHints":{"allow":["GET"]}}],"collection":[{"href":"https:\/\/shop.wallisandgill.com\/index.php?rest_route=\/wp\/v2\/pages"}],"about":[{"href":"https:\/\/shop.wallisandgill.com\/index.php?rest_route=\/wp\/v2\/types\/page"}],"author":[{"embeddable":true,"href":"https:\/\/shop.wallisandgill.com\/index.php?rest_route=\/wp\/v2\/users\/1"}],"replies":[{"embeddable":true,"href":"https:\/\/shop.wallisandgill.com\/index.php?rest_route=%2Fwp%2Fv2%2Fcomments&post=15"}],"version-history":[{"count":14,"href":"https:\/\/shop.wallisandgill.com\/index.php?rest_route=\/wp\/v2\/pages\/15\/revisions"}],"predecessor-version":[{"id":83,"href":"https:\/\/shop.wallisandgill.com\/index.php?rest_route=\/wp\/v2\/pages\/15\/revisions\/83"}],"wp:attachment":[{"href":"https:\/\/shop.wallisandgill.com\/index.php?rest_route=%2Fwp%2Fv2%2Fmedia&parent=15"}],"curies":[{"name":"wp","href":"https:\/\/api.w.org\/{rel}","templated":true}]}}